{"id":4624,"date":"2025-07-07T10:06:40","date_gmt":"2025-07-07T09:06:40","guid":{"rendered":"https:\/\/www.lagunadinora.it\/?post_type=product&#038;p=4624"},"modified":"2025-07-21T09:14:30","modified_gmt":"2025-07-21T07:14:30","slug":"snorkeling-fradislab-experience","status":"publish","type":"product","link":"https:\/\/www.lagunadinora.it\/en\/prodotto\/snorkeling-fradislab-experience\/","title":{"rendered":"Snorkeling + FradisLab Experience"},"content":{"rendered":"<p>[et_pb_section fb_built=&#8221;1&#8243; custom_padding_last_edited=&#8221;on|phone&#8221; _builder_version=&#8221;4.27.4&#8243; _module_preset=&#8221;default&#8221; background_color=&#8221;#00529C&#8221; background_image=&#8221;https:\/\/www.lagunadinora.it\/wp-content\/uploads\/2025\/06\/IMG_header-prenotazioni-scaled.webp&#8221; background_size=&#8221;contain&#8221; background_position=&#8221;center_right&#8221; custom_padding=&#8221;4em||6em||false|false&#8221; custom_padding_tablet=&#8221;4em||6em||false|false&#8221; custom_padding_phone=&#8221;1em||1em||false|false&#8221; da_disable_devices=&#8221;off|off|off&#8221; global_colors_info=&#8221;{}&#8221; da_is_popup=&#8221;off&#8221; da_exit_intent=&#8221;off&#8221; da_has_close=&#8221;on&#8221; da_alt_close=&#8221;off&#8221; da_dark_close=&#8221;off&#8221; da_not_modal=&#8221;on&#8221; da_is_singular=&#8221;off&#8221; da_with_loader=&#8221;off&#8221; da_has_shadow=&#8221;on&#8221;][et_pb_row _builder_version=&#8221;4.27.4&#8243; _module_preset=&#8221;default&#8221; width=&#8221;90%&#8221; max_width=&#8221;90%&#8221; custom_margin=&#8221;||0px||false|false&#8221; custom_padding=&#8221;||0px||false|false&#8221; global_colors_info=&#8221;{}&#8221;][et_pb_column type=&#8221;4_4&#8243; _builder_version=&#8221;4.27.4&#8243; _module_preset=&#8221;default&#8221; global_colors_info=&#8221;{}&#8221;][et_pb_text _builder_version=&#8221;4.27.4&#8243; _module_preset=&#8221;default&#8221; text_line_height=&#8221;44em&#8221; header_font=&#8221;&#8211;et_global_heading_font||||||||&#8221; header_text_color=&#8221;#F7F7F7&#8243; header_font_size=&#8221;3.62rem&#8221; header_line_height=&#8221;66px&#8221; header_font_size_tablet=&#8221;4.25rem&#8221; header_font_size_phone=&#8221;2rem&#8221; header_font_size_last_edited=&#8221;on|phone&#8221; header_line_height_tablet=&#8221;76px&#8221; header_line_height_phone=&#8221;44px&#8221; header_line_height_last_edited=&#8221;on|phone&#8221; global_colors_info=&#8221;{}&#8221;]<\/p>\n<h1><span data-metadata=\"&lt;!--(figmeta)eyJmaWxlS2V5IjoiamJkRWY2M2pTZENkdXZSc0c1QlNNRyIsInBhc3RlSUQiOjM2Nzk4MzIxMywiZGF0YVR5cGUiOiJzY2VuZSJ9Cg==(\/figmeta)--&gt;\"><\/span>Prenota la tua visita<\/h1>\n<p>[\/et_pb_text][\/et_pb_column][\/et_pb_row][\/et_pb_section][et_pb_section fb_built=&#8221;1&#8243; _builder_version=&#8221;4.27.4&#8243; custom_padding=&#8221;0px||||false|false&#8221; da_disable_devices=&#8221;off|off|off&#8221; global_colors_info=&#8221;{}&#8221; da_is_popup=&#8221;off&#8221; da_exit_intent=&#8221;off&#8221; da_has_close=&#8221;on&#8221; da_alt_close=&#8221;off&#8221; da_dark_close=&#8221;off&#8221; da_not_modal=&#8221;on&#8221; da_is_singular=&#8221;off&#8221; da_with_loader=&#8221;off&#8221; da_has_shadow=&#8221;on&#8221;][et_pb_row _builder_version=&#8221;4.27.4&#8243; background_size=&#8221;initial&#8221; background_position=&#8221;top_left&#8221; background_repeat=&#8221;repeat&#8221; width=&#8221;85%&#8221; max_width=&#8221;85%&#8221; custom_padding=&#8221;3em||0px||false|false&#8221; global_colors_info=&#8221;{}&#8221;][et_pb_column type=&#8221;4_4&#8243; _builder_version=&#8221;4.16&#8243; custom_padding=&#8221;|||&#8221; global_colors_info=&#8221;{}&#8221; custom_padding__hover=&#8221;|||&#8221;][et_pb_wc_cart_notice _builder_version=&#8221;4.16&#8243; global_colors_info=&#8221;{}&#8221;][\/et_pb_wc_cart_notice][\/et_pb_column][\/et_pb_row][et_pb_row column_structure=&#8221;1_2,1_2&#8243; _builder_version=&#8221;4.27.4&#8243; background_size=&#8221;initial&#8221; background_position=&#8221;top_left&#8221; background_repeat=&#8221;repeat&#8221; width=&#8221;85%&#8221; max_width=&#8221;85%&#8221; custom_padding=&#8221;0px||||false|false&#8221; global_colors_info=&#8221;{}&#8221;][et_pb_column type=&#8221;1_2&#8243; _builder_version=&#8221;4.16&#8243; custom_padding=&#8221;|||&#8221; global_colors_info=&#8221;{}&#8221; custom_padding__hover=&#8221;|||&#8221;][et_pb_wc_images show_product_image=&#8221;off&#8221; show_sale_badge=&#8221;off&#8221; _builder_version=&#8221;4.27.4&#8243; global_colors_info=&#8221;{}&#8221;][\/et_pb_wc_images][et_pb_wc_add_to_cart _builder_version=&#8221;4.27.4&#8243; field_label_font=&#8221;&#8211;et_global_body_font|700||on|||||&#8221; custom_button=&#8221;on&#8221; button_text_color=&#8221;#F7F7F7&#8243; button_bg_color=&#8221;#00529C&#8221; border_style_all=&#8221;none&#8221; border_radii_fields=&#8221;on|0px|0px|0px|0px&#8221; border_width_bottom_fields=&#8221;2px&#8221; border_color_bottom_fields=&#8221;#00529C&#8221; global_colors_info=&#8221;{}&#8221;][\/et_pb_wc_add_to_cart][\/et_pb_column][et_pb_column type=&#8221;1_2&#8243; _builder_version=&#8221;4.16&#8243; custom_padding=&#8221;|||&#8221; global_colors_info=&#8221;{}&#8221; custom_padding__hover=&#8221;|||&#8221;][et_pb_wc_title _builder_version=&#8221;4.27.4&#8243; header_text_color=&#8221;#00265D&#8221; header_font_size_tablet=&#8221;&#8221; header_font_size_phone=&#8221;2rem&#8221; header_font_size_last_edited=&#8221;on|phone&#8221; global_colors_info=&#8221;{}&#8221;][\/et_pb_wc_title][et_pb_wc_description _builder_version=&#8221;4.27.4&#8243; body_text_color=&#8221;#000000&#8243; body_font_size=&#8221;1rem&#8221; body_line_height=&#8221;1.9em&#8221; header_4_font=&#8221;&#8211;et_global_body_font|600|||||||&#8221; header_4_text_color=&#8221;#00529C&#8221; header_4_font_size=&#8221;2rem&#8221; body_font_size_tablet=&#8221;1rem&#8221; body_font_size_phone=&#8221;1rem&#8221; body_font_size_last_edited=&#8221;on|phone&#8221; header_4_font_size_tablet=&#8221;2rem&#8221; header_4_font_size_phone=&#8221;1.5rem&#8221; header_4_font_size_last_edited=&#8221;on|phone&#8221; global_colors_info=&#8221;{}&#8221;][\/et_pb_wc_description][et_pb_text _builder_version=&#8221;4.27.4&#8243; _module_preset=&#8221;default&#8221; text_text_color=&#8221;#00529C&#8221; text_font_size=&#8221;1.5rem&#8221; text_font_size_tablet=&#8221;&#8221; text_font_size_phone=&#8221;1rem&#8221; text_font_size_last_edited=&#8221;on|phone&#8221; global_colors_info=&#8221;{}&#8221;]<\/p>\n<p>Intero (13 anni in su): 45\u20ac a persona<br \/>Ridotto (dai 3 ai 12 anni): 35\u20ac a persona<\/p>\n<p>[\/et_pb_text][\/et_pb_column][\/et_pb_row][\/et_pb_section]<\/p>\n","protected":false},"excerpt":{"rendered":"<p>Da giugno a settembre: dal marted\u00ec alla domenica.<br \/>\nAggiungi l\u2019esperienza culinaria al Bistr\u00f2 FradisLab a una o pi\u00f9 delle attivit\u00e0 in Laguna (percorso biodiversit\u00e0, escursioni o full day). Il pacchetto comprende:<br \/>\nIl percorso dio Biodiversit\u00e0 + un light men\u00f9 presso il FradisLab (focaccia con marinati di mare di nostra produzione, casu axedu, verdure di stagione grigliate e mayo alle erbe, servita con insalatine, acqua 0,5L)<\/p>\n<p>Possono partecipare un <strong>minimo di 2<\/strong> e un <strong>massimo di 18<\/strong> persone.<\/p>\n","protected":false},"featured_media":4676,"template":"","meta":{"_et_pb_use_builder":"on","_et_pb_old_content":"","_et_gb_content_width":""},"product_brand":[],"product_cat":[92],"product_tag":[],"class_list":{"0":"post-4624","1":"product","2":"type-product","3":"status-publish","4":"has-post-thumbnail","6":"product_cat-fradislab-experience","8":"first","9":"instock","10":"virtual","11":"sold-individually","12":"purchasable","13":"product-type-booking"},"_links":{"self":[{"href":"https:\/\/www.lagunadinora.it\/en\/wp-json\/wp\/v2\/product\/4624","targetHints":{"allow":["GET"]}}],"collection":[{"href":"https:\/\/www.lagunadinora.it\/en\/wp-json\/wp\/v2\/product"}],"about":[{"href":"https:\/\/www.lagunadinora.it\/en\/wp-json\/wp\/v2\/types\/product"}],"wp:featuredmedia":[{"embeddable":true,"href":"https:\/\/www.lagunadinora.it\/en\/wp-json\/wp\/v2\/media\/4676"}],"wp:attachment":[{"href":"https:\/\/www.lagunadinora.it\/en\/wp-json\/wp\/v2\/media?parent=4624"}],"wp:term":[{"taxonomy":"product_brand","embeddable":true,"href":"https:\/\/www.lagunadinora.it\/en\/wp-json\/wp\/v2\/product_brand?post=4624"},{"taxonomy":"product_cat","embeddable":true,"href":"https:\/\/www.lagunadinora.it\/en\/wp-json\/wp\/v2\/product_cat?post=4624"},{"taxonomy":"product_tag","embeddable":true,"href":"https:\/\/www.lagunadinora.it\/en\/wp-json\/wp\/v2\/product_tag?post=4624"}],"curies":[{"name":"wp","href":"https:\/\/api.w.org\/{rel}","templated":true}]}}